{"id":20,"date":"2017-01-04T19:53:13","date_gmt":"2017-01-04T19:53:13","guid":{"rendered":"http:\/\/wp12760553.server-he.de\/?page_id=20"},"modified":"2021-03-21T15:59:54","modified_gmt":"2021-03-21T15:59:54","slug":"impressum","status":"publish","type":"page","link":"https:\/\/www.kh-hyg-simon.de\/?page_id=20","title":{"rendered":"Impressum"},"content":{"rendered":"<p><span data-verified=\"redactor\" data-redactor-tag=\"span\" data-redactor-style=\"color: rgb(0, 0, 0);\">Dr. med. Uwe Simon<br \/>\n<\/span><span data-verified=\"redactor\" data-redactor-tag=\"span\" data-redactor-style=\"color: rgb(0, 0, 0);\">Br\u00fcderstr. 23<br \/>\n26121 Oldenburg<\/span><\/p>\n<p><span data-verified=\"redactor\" data-redactor-tag=\"span\" data-redactor-style=\"color: rgb(0, 0, 0);\">Tel: 0171 8341657\u00a0 \u00a0 \u00a0 \u00a0 \u00a0E-Mail: <a href=\"mailto:dr.uwe.simon@web.de\">dr.uwe.simon@web.de<\/a><br \/>\ninhaltlich Verantwortlicher gem\u00e4\u00df \u00a7 55 Abs. 2 RStV: Dr. Uwe Simon (Anschrift wie oben)<\/span><\/p>\n<p><span data-verified=\"redactor\" data-redactor-tag=\"span\" data-redactor-style=\"color: rgb(0, 0, 0);\">Haftungshinweis: Trotz sorgf\u00e4ltiger inhaltlicher Kontrolle \u00fcbernehmen wir keine Haftung f\u00fcr die Inhalte externer Links. F\u00fcr den Inhalt der verlinkten Seiten sind ausschlie\u00dflich deren Betreiber verantwortlich.<\/span><\/p>\n","protected":false},"excerpt":{"rendered":"<p>Dr. med. Uwe Simon Br\u00fcderstr. 23 26121 Oldenburg Tel: 0171 8341657\u00a0 \u00a0 \u00a0 \u00a0 \u00a0E-Mail: dr.uwe.simon@web.de inhaltlich Verantwortlicher gem\u00e4\u00df \u00a7 55 Abs. 2 RStV: Dr. Uwe Simon (Anschrift wie oben) Haftungshinweis: Trotz sorgf\u00e4ltiger inhaltlicher Kontrolle \u00fcbernehmen wir keine Haftung f\u00fcr die Inhalte externer Links. F\u00fcr den Inhalt der verlinkten Seiten sind ausschlie\u00dflich deren Betreiber verantwortlich.<\/p>\n","protected":false},"author":1,"featured_media":0,"parent":0,"menu_order":0,"comment_status":"closed","ping_status":"closed","template":"","meta":[],"_links":{"self":[{"href":"https:\/\/www.kh-hyg-simon.de\/index.php?rest_route=\/wp\/v2\/pages\/20"}],"collection":[{"href":"https:\/\/www.kh-hyg-simon.de\/index.php?rest_route=\/wp\/v2\/pages"}],"about":[{"href":"https:\/\/www.kh-hyg-simon.de\/index.php?rest_route=\/wp\/v2\/types\/page"}],"author":[{"embeddable":true,"href":"https:\/\/www.kh-hyg-simon.de\/index.php?rest_route=\/wp\/v2\/users\/1"}],"replies":[{"embeddable":true,"href":"https:\/\/www.kh-hyg-simon.de\/index.php?rest_route=%2Fwp%2Fv2%2Fcomments&post=20"}],"version-history":[{"count":4,"href":"https:\/\/www.kh-hyg-simon.de\/index.php?rest_route=\/wp\/v2\/pages\/20\/revisions"}],"predecessor-version":[{"id":47,"href":"https:\/\/www.kh-hyg-simon.de\/index.php?rest_route=\/wp\/v2\/pages\/20\/revisions\/47"}],"wp:attachment":[{"href":"https:\/\/www.kh-hyg-simon.de\/index.php?rest_route=%2Fwp%2Fv2%2Fmedia&parent=20"}],"curies":[{"name":"wp","href":"https:\/\/api.w.org\/{rel}","templated":true}]}}