{"id":10,"date":"2017-01-04T12:38:41","date_gmt":"2017-01-04T12:38:41","guid":{"rendered":"http:\/\/wp12760553.server-he.de\/?page_id=10"},"modified":"2017-02-12T13:58:24","modified_gmt":"2017-02-12T13:58:24","slug":"startseite","status":"publish","type":"page","link":"https:\/\/www.kh-hyg-simon.de\/","title":{"rendered":"Krankenhaushygiene"},"content":{"rendered":"<p><span data-verified=\"redactor\" data-redactor-tag=\"span\" data-redactor-style=\"color: rgb(0, 0, 0);\">Entsprechend den gesetzlichen Vorgaben des Infektionsschutzgesetzes \u00a723 Abs. 4 und Landeshygieneverordnungen biete ich Beratung und \u00dcberwachung sowie Schulungen zur Infektionspr\u00e4vention in ambulanten und station\u00e4ren medizinischen Einrichtungen, Rehakliniken, Dialysezentren, Pflegeheimen und ambulant operierende Tageskliniken und Praxen an.<\/span><\/p>\n<p><span data-verified=\"redactor\" data-redactor-tag=\"span\" data-redactor-style=\"color: rgb(0, 0, 0);\">Aufgrund meiner langj\u00e4hrigen praktischen Erfahrungen in der Chirurgie und in der ambulanten Operationst\u00e4tigkeit f\u00fchle ich mich bef\u00e4higt, insbesondere auf ambulant operierende Einrichtungen individuell einzugehen. Ich m\u00f6chte dabei den Praxisablauf m\u00f6glichst wenig st\u00f6ren und den Kollegen die zeitaufwendigen, gesetzlich verordneten b\u00fcrokratischen Pflichten abnehmen.<\/span><\/p>\n<p><span data-verified=\"redactor\" data-redactor-tag=\"span\" data-redactor-style=\"color: rgb(0, 0, 0);\">Gerne bin ich bereit, in einem pers\u00f6nlichen Gespr\u00e4ch die unten aufgef\u00fchrten Leistungen zu erl\u00e4utern und im Anschluss einen Kostenrahmen aufzustellen.<\/span><\/p>\n<ul>\n<li><span data-verified=\"redactor\" data-redactor-tag=\"span\" data-redactor-style=\"color: rgb(0, 0, 0);\">Erstellen von Hygienepl\u00e4nen<\/span><\/li>\n<li><span data-verified=\"redactor\" data-redactor-tag=\"span\" data-redactor-style=\"color: rgb(0, 0, 0);\">Erstellen von Desinfektions- und Reinigungspl\u00e4nen<\/span><\/li>\n<li><span data-verified=\"redactor\" data-redactor-tag=\"span\" data-redactor-style=\"color: rgb(0, 0, 0);\">Erfassung nosokomialer Infektionen<\/span><\/li>\n<li><span data-verified=\"redactor\" data-redactor-tag=\"span\" data-redactor-style=\"color: rgb(0, 0, 0);\">Erfassung von resistenten Erregern<\/span><\/li>\n<li><span data-verified=\"redactor\" data-redactor-tag=\"span\" data-redactor-style=\"color: rgb(0, 0, 0);\">Dokumentation des j\u00e4hrlichen Antibiotikaverbrauches<\/span><\/li>\n<li><span data-verified=\"redactor\" data-redactor-tag=\"span\" data-redactor-style=\"color: rgb(0, 0, 0);\">Entdeckung von Hygienedefiziten im Rahmen einer Begehung<\/span><\/li>\n<li><span data-verified=\"redactor\" data-redactor-tag=\"span\" data-redactor-style=\"color: rgb(0, 0, 0);\">Beratung \u00fcber baulichen Ver\u00e4nderungen und Bauhygiene<\/span><\/li>\n<li><span data-verified=\"redactor\" data-redactor-tag=\"span\" data-redactor-style=\"color: rgb(0, 0, 0);\">Schulung \u00fcber Hygienema\u00dfnahmen und Medizinprodukteaufbereitung<\/span><\/li>\n<li><span data-verified=\"redactor\" data-redactor-tag=\"span\" data-redactor-style=\"color: rgb(0, 0, 0);\">Infektionsrisikoanalysen f\u00fcr Patienten und Mitarbeiter<\/span><\/li>\n<li><span data-verified=\"redactor\" data-redactor-tag=\"span\" data-redactor-style=\"color: rgb(0, 0, 0);\">Ausbruchsmanagement<\/span><\/li>\n<li><span data-verified=\"redactor\" data-redactor-tag=\"span\" data-redactor-style=\"color: rgb(0, 0, 0);\">Begleitung bei beh\u00f6rdlichen Begehungen<\/span><\/li>\n<\/ul>\n<p><span data-verified=\"redactor\" data-redactor-tag=\"span\" data-redactor-style=\"color: rgb(0, 0, 0);\"><b data-redactor-tag=\"b\">Lebenslauf \/ Information<\/b><\/span><\/p>\n<ul>\n<li><span data-verified=\"redactor\" data-redactor-tag=\"span\" data-redactor-style=\"color: rgb(0, 0, 0);\">Ausbildung in mehreren Krankenh\u00e4usern zum Facharzt f\u00fcr Chirurgie und Unfallchirurgie (8\u00a0Jahre)<\/span><\/li>\n<li><span data-verified=\"redactor\" data-redactor-tag=\"span\" data-redactor-style=\"color: rgb(0, 0, 0);\">Ambulante Operationen als niedergelassener Chirurg (23 Jahre)<\/span><\/li>\n<li><span data-verified=\"redactor\" data-redactor-tag=\"span\" data-redactor-style=\"color: rgb(0, 0, 0);\">Nach curricul\u00e4rer Fortbildung Erwerb der Zusatzbezeichnung Krankenhaushygiene bei der \u00c4rztekammer Niedersachsen (2016)<\/span><\/li>\n<\/ul>\n<p>&nbsp;<\/p>\n","protected":false},"excerpt":{"rendered":"<p>Entsprechend den gesetzlichen Vorgaben des Infektionsschutzgesetzes \u00a723 Abs. 4 und Landeshygieneverordnungen biete ich Beratung und \u00dcberwachung sowie Schulungen zur Infektionspr\u00e4vention in ambulanten und station\u00e4ren medizinischen Einrichtungen, Rehakliniken, Dialysezentren, Pflegeheimen und ambulant operierende Tageskliniken und Praxen an. Aufgrund meiner langj\u00e4hrigen praktischen Erfahrungen in der Chirurgie und in der ambulanten Operationst\u00e4tigkeit f\u00fchle ich mich bef\u00e4higt, insbesondere auf &hellip; <\/p>\n<p class=\"link-more\"><a href=\"https:\/\/www.kh-hyg-simon.de\/\" class=\"more-link\"><span class=\"screen-reader-text\">&#8222;Krankenhaushygiene&#8220;<\/span> weiterlesen<\/a><\/p>\n","protected":false},"author":1,"featured_media":0,"parent":0,"menu_order":0,"comment_status":"closed","ping_status":"closed","template":"","meta":[],"_links":{"self":[{"href":"https:\/\/www.kh-hyg-simon.de\/index.php?rest_route=\/wp\/v2\/pages\/10"}],"collection":[{"href":"https:\/\/www.kh-hyg-simon.de\/index.php?rest_route=\/wp\/v2\/pages"}],"about":[{"href":"https:\/\/www.kh-hyg-simon.de\/index.php?rest_route=\/wp\/v2\/types\/page"}],"author":[{"embeddable":true,"href":"https:\/\/www.kh-hyg-simon.de\/index.php?rest_route=\/wp\/v2\/users\/1"}],"replies":[{"embeddable":true,"href":"https:\/\/www.kh-hyg-simon.de\/index.php?rest_route=%2Fwp%2Fv2%2Fcomments&post=10"}],"version-history":[{"count":6,"href":"https:\/\/www.kh-hyg-simon.de\/index.php?rest_route=\/wp\/v2\/pages\/10\/revisions"}],"predecessor-version":[{"id":44,"href":"https:\/\/www.kh-hyg-simon.de\/index.php?rest_route=\/wp\/v2\/pages\/10\/revisions\/44"}],"wp:attachment":[{"href":"https:\/\/www.kh-hyg-simon.de\/index.php?rest_route=%2Fwp%2Fv2%2Fmedia&parent=10"}],"curies":[{"name":"wp","href":"https:\/\/api.w.org\/{rel}","templated":true}]}}